{"id":1766,"date":"2021-09-21T23:56:48","date_gmt":"2021-09-21T21:56:48","guid":{"rendered":"https:\/\/krabonszcz.com\/?post_type=product&#038;p=1766"},"modified":"2024-11-08T11:47:57","modified_gmt":"2024-11-08T10:47:57","slug":"n086-paraliz-altered-state-series","status":"publish","type":"product","link":"https:\/\/krabonszcz.com\/index.php\/produkt\/n086-paraliz-altered-state-series\/","title":{"rendered":"N086 Parali\u017c [Altered state series]"},"content":{"rendered":"","protected":false},"excerpt":{"rendered":"<p>Wydruki kolekcjonerskie drukowane s\u0105 na <strong>wysokiej jako\u015bci p\u0142\u00f3tnie bawe\u0142nianym<\/strong> o gramaturze <strong>360g\/m2<\/strong>. P\u0142\u00f3tno jest grubsze i <strong>bardziej wytrzyma\u0142e od poliestrowego<\/strong>. Posiada bardziej <strong>zaakcentowan\u0105 struktur\u0119<\/strong>, idealnie wch\u0142ania tusz, nie pozostawiaj\u0105c odprysk\u00f3w na zgi\u0119ciach. Wykonane jest z <strong>bawe\u0142ny<\/strong> dlatego wiernie odwzorowuje naturalne p\u0142\u00f3tno malarskie. P\u0142\u00f3tno <strong>naci\u0105gane jest na blejtram\u0119 z krosna malarskiego<\/strong> z niezwyk\u0142\u0105 staranno\u015bci\u0105, co gwarantuje prawid\u0142owe naci\u0105gni\u0119cie i u\u0142o\u017cenie materia\u0142u. Krosna malarskie wykonane s\u0105 z suchego , <strong>oszlifowanego, drewna sosnowego<\/strong>. <strong>100x70cm, maksymalnie 5 kopii.<\/strong><\/p>\n<p>Collector pigment print on cotton 360g\/m2 canvas. Wrapped on a pine stretcher, varnished and ready to hang. Limited edition 5 copies no more. Certificate of authenticity send as a separate letter. Size 100x70cm.<\/p>\n<p><img fetchpriority=\"high\" decoding=\"async\" class=\"aligncenter size-full wp-image-4641\" src=\"https:\/\/krabonszcz.com\/wp-content\/uploads\/2023\/01\/grafika-info-printy-plotna-final.jpg\" alt=\"\" width=\"1336\" height=\"1890\" srcset=\"https:\/\/krabonszcz.com\/wp-content\/uploads\/2023\/01\/grafika-info-printy-plotna-final.jpg 1336w, https:\/\/krabonszcz.com\/wp-content\/uploads\/2023\/01\/grafika-info-printy-plotna-final-300x424.jpg 300w, https:\/\/krabonszcz.com\/wp-content\/uploads\/2023\/01\/grafika-info-printy-plotna-final-600x849.jpg 600w, https:\/\/krabonszcz.com\/wp-content\/uploads\/2023\/01\/grafika-info-printy-plotna-final-212x300.jpg 212w, https:\/\/krabonszcz.com\/wp-content\/uploads\/2023\/01\/grafika-info-printy-plotna-final-724x1024.jpg 724w, https:\/\/krabonszcz.com\/wp-content\/uploads\/2023\/01\/grafika-info-printy-plotna-final-106x150.jpg 106w, https:\/\/krabonszcz.com\/wp-content\/uploads\/2023\/01\/grafika-info-printy-plotna-final-768x1086.jpg 768w, https:\/\/krabonszcz.com\/wp-content\/uploads\/2023\/01\/grafika-info-printy-plotna-final-1086x1536.jpg 1086w, https:\/\/krabonszcz.com\/wp-content\/uploads\/2023\/01\/grafika-info-printy-plotna-final-1320x1867.jpg 1320w\" sizes=\"(max-width: 1336px) 100vw, 1336px\" \/><\/p>\n","protected":false},"featured_media":1767,"comment_status":"closed","ping_status":"closed","template":"","meta":{"site-sidebar-layout":"default","site-content-layout":"","ast-site-content-layout":"default","site-content-style":"default","site-sidebar-style":"default","ast-global-header-display":"","ast-banner-title-visibility":"","ast-main-header-display":"","ast-hfb-above-header-display":"","ast-hfb-below-header-display":"","ast-hfb-mobile-header-display":"","site-post-title":"","ast-breadcrumbs-content":"","ast-featured-img":"","footer-sml-layout":"","ast-disable-related-posts":"","theme-transparent-header-meta":"","adv-header-id-meta":"","stick-header-meta":"","header-above-stick-meta":"","header-main-stick-meta":"","header-below-stick-meta":"","astra-migrate-meta-layouts":"default","ast-page-background-enabled":"default","ast-page-background-meta":{"desktop":{"background-color":"var(--ast-global-color-5)","background-image":"","background-repeat":"repeat","background-position":"center center","background-size":"auto","background-attachment":"scroll","background-type":"","background-media":"","overlay-type":"","overlay-color":"","overlay-opacity":"","overlay-gradient":""},"tablet":{"background-color":"","background-image":"","background-repeat":"repeat","background-position":"center center","background-size":"auto","background-attachment":"scroll","background-type":"","background-media":"","overlay-type":"","overlay-color":"","overlay-opacity":"","overlay-gradient":""},"mobile":{"background-color":"","background-image":"","background-repeat":"repeat","background-position":"center center","background-size":"auto","background-attachment":"scroll","background-type":"","background-media":"","overlay-type":"","overlay-color":"","overlay-opacity":"","overlay-gradient":""}},"ast-content-background-meta":{"desktop":{"background-color":"var(--ast-global-color-4)","background-image":"","background-repeat":"repeat","background-position":"center center","background-size":"auto","background-attachment":"scroll","background-type":"","background-media":"","overlay-type":"","overlay-color":"","overlay-opacity":"","overlay-gradient":""},"tablet":{"background-color":"var(--ast-global-color-4)","background-image":"","background-repeat":"repeat","background-position":"center center","background-size":"auto","background-attachment":"scroll","background-type":"","background-media":"","overlay-type":"","overlay-color":"","overlay-opacity":"","overlay-gradient":""},"mobile":{"background-color":"var(--ast-global-color-4)","background-image":"","background-repeat":"repeat","background-position":"center center","background-size":"auto","background-attachment":"scroll","background-type":"","background-media":"","overlay-type":"","overlay-color":"","overlay-opacity":"","overlay-gradient":""}},"_glsr_average":0,"_glsr_ranking":0,"_glsr_reviews":0},"product_brand":[],"product_cat":[48],"product_tag":[],"class_list":{"0":"post-1766","1":"product","2":"type-product","3":"status-publish","4":"has-post-thumbnail","6":"product_cat-collector-canvas-print","7":"product_shipping_class-plotna","8":"desktop-align-center","9":"tablet-align-center","10":"mobile-align-center","12":"first","13":"instock","14":"purchasable","15":"product-type-simple"},"yoast_head":"<!-- This site is optimized with the Yoast SEO plugin v26.8 - https:\/\/yoast.com\/product\/yoast-seo-wordpress\/ -->\n<title>N086 Parali\u017c [Altered state series] -<\/title>\n<meta name=\"robots\" content=\"index, follow, max-snippet:-1, max-image-preview:large, max-video-preview:-1\" \/>\n<link rel=\"canonical\" href=\"https:\/\/krabonszcz.com\/index.php\/produkt\/n086-paraliz-altered-state-series\/\" \/>\n<meta property=\"og:locale\" content=\"pl_PL\" \/>\n<meta property=\"og:type\" content=\"article\" \/>\n<meta property=\"og:title\" content=\"N086 Parali\u017c [Altered state series] -\" \/>\n<meta property=\"og:description\" content=\"Wydruki kolekcjonerskie drukowane s\u0105 na wysokiej jako\u015bci p\u0142\u00f3tnie bawe\u0142nianym o gramaturze 360g\/m2. P\u0142\u00f3tno jest grubsze i bardziej wytrzyma\u0142e od poliestrowego. Posiada bardziej zaakcentowan\u0105 struktur\u0119, idealnie wch\u0142ania tusz, nie pozostawiaj\u0105c odprysk\u00f3w na zgi\u0119ciach. Wykonane jest z bawe\u0142ny dlatego wiernie odwzorowuje naturalne p\u0142\u00f3tno malarskie. P\u0142\u00f3tno naci\u0105gane jest na blejtram\u0119 z krosna malarskiego z niezwyk\u0142\u0105 staranno\u015bci\u0105, co gwarantuje prawid\u0142owe naci\u0105gni\u0119cie i u\u0142o\u017cenie materia\u0142u. Krosna malarskie wykonane s\u0105 z suchego , oszlifowanego, drewna sosnowego. 100x70cm, maksymalnie 5 kopii.  Collector pigment print on cotton 360g\/m2 canvas. Wrapped on a pine stretcher, varnished and ready to hang. Limited edition 5 copies no more. Certificate of authenticity send as a separate letter. Size 100x70cm.\" \/>\n<meta property=\"og:url\" content=\"https:\/\/krabonszcz.com\/index.php\/produkt\/n086-paraliz-altered-state-series\/\" \/>\n<meta property=\"article:modified_time\" content=\"2024-11-08T10:47:57+00:00\" \/>\n<meta property=\"og:image\" content=\"https:\/\/krabonszcz.com\/wp-content\/uploads\/2021\/09\/paraliz.png\" \/>\n\t<meta property=\"og:image:width\" content=\"827\" \/>\n\t<meta property=\"og:image:height\" content=\"1181\" \/>\n\t<meta property=\"og:image:type\" content=\"image\/png\" \/>\n<meta name=\"twitter:card\" content=\"summary_large_image\" \/>\n<script type=\"application\/ld+json\" class=\"yoast-schema-graph\">{\"@context\":\"https:\/\/schema.org\",\"@graph\":[{\"@type\":\"WebPage\",\"@id\":\"https:\/\/krabonszcz.com\/index.php\/produkt\/n086-paraliz-altered-state-series\/\",\"url\":\"https:\/\/krabonszcz.com\/index.php\/produkt\/n086-paraliz-altered-state-series\/\",\"name\":\"N086 Parali\u017c [Altered state series] -\",\"isPartOf\":{\"@id\":\"https:\/\/krabonszcz.com\/#website\"},\"primaryImageOfPage\":{\"@id\":\"https:\/\/krabonszcz.com\/index.php\/produkt\/n086-paraliz-altered-state-series\/#primaryimage\"},\"image\":{\"@id\":\"https:\/\/krabonszcz.com\/index.php\/produkt\/n086-paraliz-altered-state-series\/#primaryimage\"},\"thumbnailUrl\":\"https:\/\/krabonszcz.com\/wp-content\/uploads\/2021\/09\/paraliz.png\",\"datePublished\":\"2021-09-21T21:56:48+00:00\",\"dateModified\":\"2024-11-08T10:47:57+00:00\",\"breadcrumb\":{\"@id\":\"https:\/\/krabonszcz.com\/index.php\/produkt\/n086-paraliz-altered-state-series\/#breadcrumb\"},\"inLanguage\":\"pl-PL\",\"potentialAction\":[{\"@type\":\"ReadAction\",\"target\":[\"https:\/\/krabonszcz.com\/index.php\/produkt\/n086-paraliz-altered-state-series\/\"]}]},{\"@type\":\"ImageObject\",\"inLanguage\":\"pl-PL\",\"@id\":\"https:\/\/krabonszcz.com\/index.php\/produkt\/n086-paraliz-altered-state-series\/#primaryimage\",\"url\":\"https:\/\/krabonszcz.com\/wp-content\/uploads\/2021\/09\/paraliz.png\",\"contentUrl\":\"https:\/\/krabonszcz.com\/wp-content\/uploads\/2021\/09\/paraliz.png\",\"width\":827,\"height\":1181},{\"@type\":\"BreadcrumbList\",\"@id\":\"https:\/\/krabonszcz.com\/index.php\/produkt\/n086-paraliz-altered-state-series\/#breadcrumb\",\"itemListElement\":[{\"@type\":\"ListItem\",\"position\":1,\"name\":\"Home\",\"item\":\"https:\/\/krabonszcz.com\/\"},{\"@type\":\"ListItem\",\"position\":2,\"name\":\"STORE\",\"item\":\"https:\/\/krabonszcz.com\/index.php\/store\/\"},{\"@type\":\"ListItem\",\"position\":3,\"name\":\"N086 Parali\u017c [Altered state series]\"}]},{\"@type\":\"WebSite\",\"@id\":\"https:\/\/krabonszcz.com\/#website\",\"url\":\"https:\/\/krabonszcz.com\/\",\"name\":\"krabonszcz.com - obraz i plakaty do Twojego wn\u0119trza\",\"description\":\"\",\"publisher\":{\"@id\":\"https:\/\/krabonszcz.com\/#\/schema\/person\/6f46b30acd87d871e0288d672d4e4734\"},\"potentialAction\":[{\"@type\":\"SearchAction\",\"target\":{\"@type\":\"EntryPoint\",\"urlTemplate\":\"https:\/\/krabonszcz.com\/?s={search_term_string}\"},\"query-input\":{\"@type\":\"PropertyValueSpecification\",\"valueRequired\":true,\"valueName\":\"search_term_string\"}}],\"inLanguage\":\"pl-PL\"},{\"@type\":[\"Person\",\"Organization\"],\"@id\":\"https:\/\/krabonszcz.com\/#\/schema\/person\/6f46b30acd87d871e0288d672d4e4734\",\"name\":\"krabonszcz\",\"image\":{\"@type\":\"ImageObject\",\"inLanguage\":\"pl-PL\",\"@id\":\"https:\/\/krabonszcz.com\/#\/schema\/person\/image\/\",\"url\":\"https:\/\/krabonszcz.com\/wp-content\/uploads\/2025\/12\/cropped-Krabonszcz_Logo-2025-czarne-copy-scaled-1.png\",\"contentUrl\":\"https:\/\/krabonszcz.com\/wp-content\/uploads\/2025\/12\/cropped-Krabonszcz_Logo-2025-czarne-copy-scaled-1.png\",\"width\":2559,\"height\":988,\"caption\":\"krabonszcz\"},\"logo\":{\"@id\":\"https:\/\/krabonszcz.com\/#\/schema\/person\/image\/\"}}]}<\/script>\n<!-- \/ Yoast SEO plugin. -->","yoast_head_json":{"title":"N086 Parali\u017c [Altered state series] -","robots":{"index":"index","follow":"follow","max-snippet":"max-snippet:-1","max-image-preview":"max-image-preview:large","max-video-preview":"max-video-preview:-1"},"canonical":"https:\/\/krabonszcz.com\/index.php\/produkt\/n086-paraliz-altered-state-series\/","og_locale":"pl_PL","og_type":"article","og_title":"N086 Parali\u017c [Altered state series] -","og_description":"Wydruki kolekcjonerskie drukowane s\u0105 na wysokiej jako\u015bci p\u0142\u00f3tnie bawe\u0142nianym o gramaturze 360g\/m2. P\u0142\u00f3tno jest grubsze i bardziej wytrzyma\u0142e od poliestrowego. Posiada bardziej zaakcentowan\u0105 struktur\u0119, idealnie wch\u0142ania tusz, nie pozostawiaj\u0105c odprysk\u00f3w na zgi\u0119ciach. Wykonane jest z bawe\u0142ny dlatego wiernie odwzorowuje naturalne p\u0142\u00f3tno malarskie. P\u0142\u00f3tno naci\u0105gane jest na blejtram\u0119 z krosna malarskiego z niezwyk\u0142\u0105 staranno\u015bci\u0105, co gwarantuje prawid\u0142owe naci\u0105gni\u0119cie i u\u0142o\u017cenie materia\u0142u. Krosna malarskie wykonane s\u0105 z suchego , oszlifowanego, drewna sosnowego. 100x70cm, maksymalnie 5 kopii.  Collector pigment print on cotton 360g\/m2 canvas. Wrapped on a pine stretcher, varnished and ready to hang. Limited edition 5 copies no more. Certificate of authenticity send as a separate letter. Size 100x70cm.","og_url":"https:\/\/krabonszcz.com\/index.php\/produkt\/n086-paraliz-altered-state-series\/","article_modified_time":"2024-11-08T10:47:57+00:00","og_image":[{"width":827,"height":1181,"url":"https:\/\/krabonszcz.com\/wp-content\/uploads\/2021\/09\/paraliz.png","type":"image\/png"}],"twitter_card":"summary_large_image","schema":{"@context":"https:\/\/schema.org","@graph":[{"@type":"WebPage","@id":"https:\/\/krabonszcz.com\/index.php\/produkt\/n086-paraliz-altered-state-series\/","url":"https:\/\/krabonszcz.com\/index.php\/produkt\/n086-paraliz-altered-state-series\/","name":"N086 Parali\u017c [Altered state series] -","isPartOf":{"@id":"https:\/\/krabonszcz.com\/#website"},"primaryImageOfPage":{"@id":"https:\/\/krabonszcz.com\/index.php\/produkt\/n086-paraliz-altered-state-series\/#primaryimage"},"image":{"@id":"https:\/\/krabonszcz.com\/index.php\/produkt\/n086-paraliz-altered-state-series\/#primaryimage"},"thumbnailUrl":"https:\/\/krabonszcz.com\/wp-content\/uploads\/2021\/09\/paraliz.png","datePublished":"2021-09-21T21:56:48+00:00","dateModified":"2024-11-08T10:47:57+00:00","breadcrumb":{"@id":"https:\/\/krabonszcz.com\/index.php\/produkt\/n086-paraliz-altered-state-series\/#breadcrumb"},"inLanguage":"pl-PL","potentialAction":[{"@type":"ReadAction","target":["https:\/\/krabonszcz.com\/index.php\/produkt\/n086-paraliz-altered-state-series\/"]}]},{"@type":"ImageObject","inLanguage":"pl-PL","@id":"https:\/\/krabonszcz.com\/index.php\/produkt\/n086-paraliz-altered-state-series\/#primaryimage","url":"https:\/\/krabonszcz.com\/wp-content\/uploads\/2021\/09\/paraliz.png","contentUrl":"https:\/\/krabonszcz.com\/wp-content\/uploads\/2021\/09\/paraliz.png","width":827,"height":1181},{"@type":"BreadcrumbList","@id":"https:\/\/krabonszcz.com\/index.php\/produkt\/n086-paraliz-altered-state-series\/#breadcrumb","itemListElement":[{"@type":"ListItem","position":1,"name":"Home","item":"https:\/\/krabonszcz.com\/"},{"@type":"ListItem","position":2,"name":"STORE","item":"https:\/\/krabonszcz.com\/index.php\/store\/"},{"@type":"ListItem","position":3,"name":"N086 Parali\u017c [Altered state series]"}]},{"@type":"WebSite","@id":"https:\/\/krabonszcz.com\/#website","url":"https:\/\/krabonszcz.com\/","name":"krabonszcz.com - obraz i plakaty do Twojego wn\u0119trza","description":"","publisher":{"@id":"https:\/\/krabonszcz.com\/#\/schema\/person\/6f46b30acd87d871e0288d672d4e4734"},"potentialAction":[{"@type":"SearchAction","target":{"@type":"EntryPoint","urlTemplate":"https:\/\/krabonszcz.com\/?s={search_term_string}"},"query-input":{"@type":"PropertyValueSpecification","valueRequired":true,"valueName":"search_term_string"}}],"inLanguage":"pl-PL"},{"@type":["Person","Organization"],"@id":"https:\/\/krabonszcz.com\/#\/schema\/person\/6f46b30acd87d871e0288d672d4e4734","name":"krabonszcz","image":{"@type":"ImageObject","inLanguage":"pl-PL","@id":"https:\/\/krabonszcz.com\/#\/schema\/person\/image\/","url":"https:\/\/krabonszcz.com\/wp-content\/uploads\/2025\/12\/cropped-Krabonszcz_Logo-2025-czarne-copy-scaled-1.png","contentUrl":"https:\/\/krabonszcz.com\/wp-content\/uploads\/2025\/12\/cropped-Krabonszcz_Logo-2025-czarne-copy-scaled-1.png","width":2559,"height":988,"caption":"krabonszcz"},"logo":{"@id":"https:\/\/krabonszcz.com\/#\/schema\/person\/image\/"}}]}},"_links":{"self":[{"href":"https:\/\/krabonszcz.com\/index.php\/wp-json\/wp\/v2\/product\/1766","targetHints":{"allow":["GET"]}}],"collection":[{"href":"https:\/\/krabonszcz.com\/index.php\/wp-json\/wp\/v2\/product"}],"about":[{"href":"https:\/\/krabonszcz.com\/index.php\/wp-json\/wp\/v2\/types\/product"}],"replies":[{"embeddable":true,"href":"https:\/\/krabonszcz.com\/index.php\/wp-json\/wp\/v2\/comments?post=1766"}],"wp:featuredmedia":[{"embeddable":true,"href":"https:\/\/krabonszcz.com\/index.php\/wp-json\/wp\/v2\/media\/1767"}],"wp:attachment":[{"href":"https:\/\/krabonszcz.com\/index.php\/wp-json\/wp\/v2\/media?parent=1766"}],"wp:term":[{"taxonomy":"product_brand","embeddable":true,"href":"https:\/\/krabonszcz.com\/index.php\/wp-json\/wp\/v2\/product_brand?post=1766"},{"taxonomy":"product_cat","embeddable":true,"href":"https:\/\/krabonszcz.com\/index.php\/wp-json\/wp\/v2\/product_cat?post=1766"},{"taxonomy":"product_tag","embeddable":true,"href":"https:\/\/krabonszcz.com\/index.php\/wp-json\/wp\/v2\/product_tag?post=1766"}],"curies":[{"name":"wp","href":"https:\/\/api.w.org\/{rel}","templated":true}]}}