{"id":2627,"date":"2021-11-04T16:36:40","date_gmt":"2021-11-04T15:36:40","guid":{"rendered":"https:\/\/krabonszcz.com\/?post_type=product&#038;p=2627"},"modified":"2026-03-03T14:13:53","modified_gmt":"2026-03-03T13:13:53","slug":"n153-somnolence","status":"publish","type":"product","link":"https:\/\/krabonszcz.com\/index.php\/produkt\/n153-somnolence\/","title":{"rendered":"N153 Senno\u015b\u0107 \/ Poster"},"content":{"rendered":"","protected":false},"excerpt":{"rendered":"<h3 data-start=\"255\" data-end=\"265\">Opis<\/h3>\n<p data-start=\"204\" data-end=\"447\">Wysokiej jako\u015bci <strong>druk pigmentowy<\/strong> na <strong>satynowym papierze fotograficznym<\/strong> o <strong>gramaturze 260 g\/m\u00b2<\/strong>. Gruby, solidny papier zapewnia <strong>trwa\u0142o\u015b\u0107 oraz g\u0142\u0119bokie, nasycone kolory<\/strong> z wyra\u017anymi detalami i subtelnymi przej\u015bciami tonalnymi.<\/p>\n<p data-start=\"449\" data-end=\"675\">Dzi\u0119ki specjalnej pow\u0142oce atramentowej oraz zastosowaniu bezwonnych, ekologicznych tuszy pigmentowych, <strong>wydruk spe\u0142nia wymogi jako\u015bci muzealnej i galeryjnej<\/strong>. Kolory pozostaj\u0105 intensywne przez lata, bez utraty g\u0142\u0119bi i kontrastu.<\/p>\n<p data-start=\"677\" data-end=\"821\">Ka\u017cdy plakat jest starannie pakowany w <strong>wytrzyma\u0142\u0105 tub\u0119 ochronn\u0105<\/strong>, kt\u00f3ra zabezpiecza go podczas transportu.<\/p>\n<p data-start=\"823\" data-end=\"924\">Plakat sprzedawany jest bez ramy.<\/p>\n<h3 data-start=\"255\" data-end=\"265\">Wysy\u0142ka<\/h3>\n<p data-start=\"840\" data-end=\"932\">Zam\u00f3wienia realizowane s\u0105 w terminie od 3 do 5 dni roboczych od momentu z\u0142o\u017cenia zam\u00f3wienia. Wysy\u0142ka odbywa si\u0119 za po\u015brednictwem firmy kurierskiej <strong><span class=\"hover:entity-accent entity-underline inline cursor-pointer align-baseline\"><span class=\"whitespace-normal\">DPD<\/span><\/span><\/strong>.<\/p>\n","protected":false},"featured_media":2630,"comment_status":"closed","ping_status":"closed","template":"","meta":{"site-sidebar-layout":"default","site-content-layout":"","ast-site-content-layout":"default","site-content-style":"default","site-sidebar-style":"default","ast-global-header-display":"","ast-banner-title-visibility":"","ast-main-header-display":"","ast-hfb-above-header-display":"","ast-hfb-below-header-display":"","ast-hfb-mobile-header-display":"","site-post-title":"","ast-breadcrumbs-content":"","ast-featured-img":"","footer-sml-layout":"","ast-disable-related-posts":"","theme-transparent-header-meta":"default","adv-header-id-meta":"","stick-header-meta":"","header-above-stick-meta":"","header-main-stick-meta":"","header-below-stick-meta":"","astra-migrate-meta-layouts":"set","ast-page-background-enabled":"default","ast-page-background-meta":{"desktop":{"background-color":"var(--ast-global-color-5)","background-image":"","background-repeat":"repeat","background-position":"center center","background-size":"auto","background-attachment":"scroll","background-type":"","background-media":"","overlay-type":"","overlay-color":"","overlay-opacity":"","overlay-gradient":""},"tablet":{"background-color":"","background-image":"","background-repeat":"repeat","background-position":"center center","background-size":"auto","background-attachment":"scroll","background-type":"","background-media":"","overlay-type":"","overlay-color":"","overlay-opacity":"","overlay-gradient":""},"mobile":{"background-color":"","background-image":"","background-repeat":"repeat","background-position":"center center","background-size":"auto","background-attachment":"scroll","background-type":"","background-media":"","overlay-type":"","overlay-color":"","overlay-opacity":"","overlay-gradient":""}},"ast-content-background-meta":{"desktop":{"background-color":"var(--ast-global-color-4)","background-image":"","background-repeat":"repeat","background-position":"center center","background-size":"auto","background-attachment":"scroll","background-type":"","background-media":"","overlay-type":"","overlay-color":"","overlay-opacity":"","overlay-gradient":""},"tablet":{"background-color":"var(--ast-global-color-4)","background-image":"","background-repeat":"repeat","background-position":"center center","background-size":"auto","background-attachment":"scroll","background-type":"","background-media":"","overlay-type":"","overlay-color":"","overlay-opacity":"","overlay-gradient":""},"mobile":{"background-color":"var(--ast-global-color-4)","background-image":"","background-repeat":"repeat","background-position":"center center","background-size":"auto","background-attachment":"scroll","background-type":"","background-media":"","overlay-type":"","overlay-color":"","overlay-opacity":"","overlay-gradient":""}},"_glsr_average":0,"_glsr_ranking":0,"_glsr_reviews":0},"product_brand":[],"product_cat":[57,51],"product_tag":[],"class_list":{"0":"post-2627","1":"product","2":"type-product","3":"status-publish","4":"has-post-thumbnail","6":"product_cat-abstract-art","7":"product_cat-posters","8":"desktop-align-center","9":"tablet-align-center","10":"mobile-align-center","12":"first","13":"instock","14":"purchasable","15":"product-type-variable"},"yoast_head":"<!-- This site is optimized with the Yoast SEO plugin v26.8 - https:\/\/yoast.com\/product\/yoast-seo-wordpress\/ -->\n<title>N153 Senno\u015b\u0107 \/ Poster -<\/title>\n<meta name=\"robots\" content=\"index, follow, max-snippet:-1, max-image-preview:large, max-video-preview:-1\" \/>\n<link rel=\"canonical\" href=\"https:\/\/krabonszcz.com\/index.php\/produkt\/n153-somnolence\/\" \/>\n<meta property=\"og:locale\" content=\"pl_PL\" \/>\n<meta property=\"og:type\" content=\"article\" \/>\n<meta property=\"og:title\" content=\"N153 Senno\u015b\u0107 \/ Poster -\" \/>\n<meta property=\"og:description\" content=\"Opis Wysokiej jako\u015bci druk pigmentowy na satynowym papierze fotograficznym o gramaturze 260 g\/m\u00b2. Gruby, solidny papier zapewnia trwa\u0142o\u015b\u0107 oraz g\u0142\u0119bokie, nasycone kolory z wyra\u017anymi detalami i subtelnymi przej\u015bciami tonalnymi. Dzi\u0119ki specjalnej pow\u0142oce atramentowej oraz zastosowaniu bezwonnych, ekologicznych tuszy pigmentowych, wydruk spe\u0142nia wymogi jako\u015bci muzealnej i galeryjnej. Kolory pozostaj\u0105 intensywne przez lata, bez utraty g\u0142\u0119bi i kontrastu. Ka\u017cdy plakat jest starannie pakowany w wytrzyma\u0142\u0105 tub\u0119 ochronn\u0105, kt\u00f3ra zabezpiecza go podczas transportu. Plakat sprzedawany jest bez ramy.  Wysy\u0142ka Zam\u00f3wienia realizowane s\u0105 w terminie od 3 do 5 dni roboczych od momentu z\u0142o\u017cenia zam\u00f3wienia. Wysy\u0142ka odbywa si\u0119 za po\u015brednictwem firmy kurierskiej DPD.\" \/>\n<meta property=\"og:url\" content=\"https:\/\/krabonszcz.com\/index.php\/produkt\/n153-somnolence\/\" \/>\n<meta property=\"article:modified_time\" content=\"2026-03-03T13:13:53+00:00\" \/>\n<meta property=\"og:image\" content=\"http:\/\/krabonszcz.com\/wp-content\/uploads\/2021\/11\/sennosc.jpg\" \/>\n\t<meta property=\"og:image:width\" content=\"866\" \/>\n\t<meta property=\"og:image:height\" content=\"1299\" \/>\n\t<meta property=\"og:image:type\" content=\"image\/jpeg\" \/>\n<meta name=\"twitter:card\" content=\"summary_large_image\" \/>\n<meta name=\"twitter:label1\" content=\"Szacowany czas czytania\" \/>\n\t<meta name=\"twitter:data1\" content=\"1 minuta\" \/>\n<script type=\"application\/ld+json\" class=\"yoast-schema-graph\">{\"@context\":\"https:\/\/schema.org\",\"@graph\":[{\"@type\":\"WebPage\",\"@id\":\"https:\/\/krabonszcz.com\/index.php\/produkt\/n153-somnolence\/\",\"url\":\"https:\/\/krabonszcz.com\/index.php\/produkt\/n153-somnolence\/\",\"name\":\"N153 Senno\u015b\u0107 \/ Poster -\",\"isPartOf\":{\"@id\":\"https:\/\/krabonszcz.com\/#website\"},\"primaryImageOfPage\":{\"@id\":\"https:\/\/krabonszcz.com\/index.php\/produkt\/n153-somnolence\/#primaryimage\"},\"image\":{\"@id\":\"https:\/\/krabonszcz.com\/index.php\/produkt\/n153-somnolence\/#primaryimage\"},\"thumbnailUrl\":\"https:\/\/krabonszcz.com\/wp-content\/uploads\/2021\/11\/sennosc.jpg\",\"datePublished\":\"2021-11-04T15:36:40+00:00\",\"dateModified\":\"2026-03-03T13:13:53+00:00\",\"breadcrumb\":{\"@id\":\"https:\/\/krabonszcz.com\/index.php\/produkt\/n153-somnolence\/#breadcrumb\"},\"inLanguage\":\"pl-PL\",\"potentialAction\":[{\"@type\":\"ReadAction\",\"target\":[\"https:\/\/krabonszcz.com\/index.php\/produkt\/n153-somnolence\/\"]}]},{\"@type\":\"ImageObject\",\"inLanguage\":\"pl-PL\",\"@id\":\"https:\/\/krabonszcz.com\/index.php\/produkt\/n153-somnolence\/#primaryimage\",\"url\":\"https:\/\/krabonszcz.com\/wp-content\/uploads\/2021\/11\/sennosc.jpg\",\"contentUrl\":\"https:\/\/krabonszcz.com\/wp-content\/uploads\/2021\/11\/sennosc.jpg\",\"width\":866,\"height\":1299,\"caption\":\"N153 Senno\u015b\u0107\"},{\"@type\":\"BreadcrumbList\",\"@id\":\"https:\/\/krabonszcz.com\/index.php\/produkt\/n153-somnolence\/#breadcrumb\",\"itemListElement\":[{\"@type\":\"ListItem\",\"position\":1,\"name\":\"Home\",\"item\":\"https:\/\/krabonszcz.com\/\"},{\"@type\":\"ListItem\",\"position\":2,\"name\":\"STORE\",\"item\":\"https:\/\/krabonszcz.com\/index.php\/store\/\"},{\"@type\":\"ListItem\",\"position\":3,\"name\":\"N153 Senno\u015b\u0107 \/ Poster\"}]},{\"@type\":\"WebSite\",\"@id\":\"https:\/\/krabonszcz.com\/#website\",\"url\":\"https:\/\/krabonszcz.com\/\",\"name\":\"krabonszcz.com - obraz i plakaty do Twojego wn\u0119trza\",\"description\":\"\",\"publisher\":{\"@id\":\"https:\/\/krabonszcz.com\/#\/schema\/person\/6f46b30acd87d871e0288d672d4e4734\"},\"potentialAction\":[{\"@type\":\"SearchAction\",\"target\":{\"@type\":\"EntryPoint\",\"urlTemplate\":\"https:\/\/krabonszcz.com\/?s={search_term_string}\"},\"query-input\":{\"@type\":\"PropertyValueSpecification\",\"valueRequired\":true,\"valueName\":\"search_term_string\"}}],\"inLanguage\":\"pl-PL\"},{\"@type\":[\"Person\",\"Organization\"],\"@id\":\"https:\/\/krabonszcz.com\/#\/schema\/person\/6f46b30acd87d871e0288d672d4e4734\",\"name\":\"krabonszcz\",\"image\":{\"@type\":\"ImageObject\",\"inLanguage\":\"pl-PL\",\"@id\":\"https:\/\/krabonszcz.com\/#\/schema\/person\/image\/\",\"url\":\"https:\/\/krabonszcz.com\/wp-content\/uploads\/2025\/12\/cropped-Krabonszcz_Logo-2025-czarne-copy-scaled-1.png\",\"contentUrl\":\"https:\/\/krabonszcz.com\/wp-content\/uploads\/2025\/12\/cropped-Krabonszcz_Logo-2025-czarne-copy-scaled-1.png\",\"width\":2559,\"height\":988,\"caption\":\"krabonszcz\"},\"logo\":{\"@id\":\"https:\/\/krabonszcz.com\/#\/schema\/person\/image\/\"}}]}<\/script>\n<!-- \/ Yoast SEO plugin. -->","yoast_head_json":{"title":"N153 Senno\u015b\u0107 \/ Poster -","robots":{"index":"index","follow":"follow","max-snippet":"max-snippet:-1","max-image-preview":"max-image-preview:large","max-video-preview":"max-video-preview:-1"},"canonical":"https:\/\/krabonszcz.com\/index.php\/produkt\/n153-somnolence\/","og_locale":"pl_PL","og_type":"article","og_title":"N153 Senno\u015b\u0107 \/ Poster -","og_description":"Opis Wysokiej jako\u015bci druk pigmentowy na satynowym papierze fotograficznym o gramaturze 260 g\/m\u00b2. Gruby, solidny papier zapewnia trwa\u0142o\u015b\u0107 oraz g\u0142\u0119bokie, nasycone kolory z wyra\u017anymi detalami i subtelnymi przej\u015bciami tonalnymi. Dzi\u0119ki specjalnej pow\u0142oce atramentowej oraz zastosowaniu bezwonnych, ekologicznych tuszy pigmentowych, wydruk spe\u0142nia wymogi jako\u015bci muzealnej i galeryjnej. Kolory pozostaj\u0105 intensywne przez lata, bez utraty g\u0142\u0119bi i kontrastu. Ka\u017cdy plakat jest starannie pakowany w wytrzyma\u0142\u0105 tub\u0119 ochronn\u0105, kt\u00f3ra zabezpiecza go podczas transportu. Plakat sprzedawany jest bez ramy.  Wysy\u0142ka Zam\u00f3wienia realizowane s\u0105 w terminie od 3 do 5 dni roboczych od momentu z\u0142o\u017cenia zam\u00f3wienia. Wysy\u0142ka odbywa si\u0119 za po\u015brednictwem firmy kurierskiej DPD.","og_url":"https:\/\/krabonszcz.com\/index.php\/produkt\/n153-somnolence\/","article_modified_time":"2026-03-03T13:13:53+00:00","og_image":[{"width":866,"height":1299,"url":"http:\/\/krabonszcz.com\/wp-content\/uploads\/2021\/11\/sennosc.jpg","type":"image\/jpeg"}],"twitter_card":"summary_large_image","twitter_misc":{"Szacowany czas czytania":"1 minuta"},"schema":{"@context":"https:\/\/schema.org","@graph":[{"@type":"WebPage","@id":"https:\/\/krabonszcz.com\/index.php\/produkt\/n153-somnolence\/","url":"https:\/\/krabonszcz.com\/index.php\/produkt\/n153-somnolence\/","name":"N153 Senno\u015b\u0107 \/ Poster -","isPartOf":{"@id":"https:\/\/krabonszcz.com\/#website"},"primaryImageOfPage":{"@id":"https:\/\/krabonszcz.com\/index.php\/produkt\/n153-somnolence\/#primaryimage"},"image":{"@id":"https:\/\/krabonszcz.com\/index.php\/produkt\/n153-somnolence\/#primaryimage"},"thumbnailUrl":"https:\/\/krabonszcz.com\/wp-content\/uploads\/2021\/11\/sennosc.jpg","datePublished":"2021-11-04T15:36:40+00:00","dateModified":"2026-03-03T13:13:53+00:00","breadcrumb":{"@id":"https:\/\/krabonszcz.com\/index.php\/produkt\/n153-somnolence\/#breadcrumb"},"inLanguage":"pl-PL","potentialAction":[{"@type":"ReadAction","target":["https:\/\/krabonszcz.com\/index.php\/produkt\/n153-somnolence\/"]}]},{"@type":"ImageObject","inLanguage":"pl-PL","@id":"https:\/\/krabonszcz.com\/index.php\/produkt\/n153-somnolence\/#primaryimage","url":"https:\/\/krabonszcz.com\/wp-content\/uploads\/2021\/11\/sennosc.jpg","contentUrl":"https:\/\/krabonszcz.com\/wp-content\/uploads\/2021\/11\/sennosc.jpg","width":866,"height":1299,"caption":"N153 Senno\u015b\u0107"},{"@type":"BreadcrumbList","@id":"https:\/\/krabonszcz.com\/index.php\/produkt\/n153-somnolence\/#breadcrumb","itemListElement":[{"@type":"ListItem","position":1,"name":"Home","item":"https:\/\/krabonszcz.com\/"},{"@type":"ListItem","position":2,"name":"STORE","item":"https:\/\/krabonszcz.com\/index.php\/store\/"},{"@type":"ListItem","position":3,"name":"N153 Senno\u015b\u0107 \/ Poster"}]},{"@type":"WebSite","@id":"https:\/\/krabonszcz.com\/#website","url":"https:\/\/krabonszcz.com\/","name":"krabonszcz.com - obraz i plakaty do Twojego wn\u0119trza","description":"","publisher":{"@id":"https:\/\/krabonszcz.com\/#\/schema\/person\/6f46b30acd87d871e0288d672d4e4734"},"potentialAction":[{"@type":"SearchAction","target":{"@type":"EntryPoint","urlTemplate":"https:\/\/krabonszcz.com\/?s={search_term_string}"},"query-input":{"@type":"PropertyValueSpecification","valueRequired":true,"valueName":"search_term_string"}}],"inLanguage":"pl-PL"},{"@type":["Person","Organization"],"@id":"https:\/\/krabonszcz.com\/#\/schema\/person\/6f46b30acd87d871e0288d672d4e4734","name":"krabonszcz","image":{"@type":"ImageObject","inLanguage":"pl-PL","@id":"https:\/\/krabonszcz.com\/#\/schema\/person\/image\/","url":"https:\/\/krabonszcz.com\/wp-content\/uploads\/2025\/12\/cropped-Krabonszcz_Logo-2025-czarne-copy-scaled-1.png","contentUrl":"https:\/\/krabonszcz.com\/wp-content\/uploads\/2025\/12\/cropped-Krabonszcz_Logo-2025-czarne-copy-scaled-1.png","width":2559,"height":988,"caption":"krabonszcz"},"logo":{"@id":"https:\/\/krabonszcz.com\/#\/schema\/person\/image\/"}}]}},"_links":{"self":[{"href":"https:\/\/krabonszcz.com\/index.php\/wp-json\/wp\/v2\/product\/2627","targetHints":{"allow":["GET"]}}],"collection":[{"href":"https:\/\/krabonszcz.com\/index.php\/wp-json\/wp\/v2\/product"}],"about":[{"href":"https:\/\/krabonszcz.com\/index.php\/wp-json\/wp\/v2\/types\/product"}],"replies":[{"embeddable":true,"href":"https:\/\/krabonszcz.com\/index.php\/wp-json\/wp\/v2\/comments?post=2627"}],"wp:featuredmedia":[{"embeddable":true,"href":"https:\/\/krabonszcz.com\/index.php\/wp-json\/wp\/v2\/media\/2630"}],"wp:attachment":[{"href":"https:\/\/krabonszcz.com\/index.php\/wp-json\/wp\/v2\/media?parent=2627"}],"wp:term":[{"taxonomy":"product_brand","embeddable":true,"href":"https:\/\/krabonszcz.com\/index.php\/wp-json\/wp\/v2\/product_brand?post=2627"},{"taxonomy":"product_cat","embeddable":true,"href":"https:\/\/krabonszcz.com\/index.php\/wp-json\/wp\/v2\/product_cat?post=2627"},{"taxonomy":"product_tag","embeddable":true,"href":"https:\/\/krabonszcz.com\/index.php\/wp-json\/wp\/v2\/product_tag?post=2627"}],"curies":[{"name":"wp","href":"https:\/\/api.w.org\/{rel}","templated":true}]}}