{"id":4971,"date":"2025-02-17T21:05:26","date_gmt":"2025-02-17T20:05:26","guid":{"rendered":"https:\/\/krabonszcz.com\/?post_type=product&#038;p=4971"},"modified":"2026-04-03T11:44:04","modified_gmt":"2026-04-03T09:44:04","slug":"plakat-yerba-mate-matero-bombilla","status":"publish","type":"product","link":"https:\/\/krabonszcz.com\/index.php\/produkt\/plakat-yerba-mate-matero-bombilla\/","title":{"rendered":"N212 YEBN\u0118 YERB\u0118 I B\u0118DZIE GIT plakat"},"content":{"rendered":"","protected":false},"excerpt":{"rendered":"<p><strong>Projekt od yerbowego \u015bwira dla wszystkich yerbowych \u015bwir\u00f3w!<\/strong> &#8222;JEBN\u0118 YERB\u0118 I B\u0118DZIE GIT&#8221;. Je\u015bli uwielbiasz zaczyna\u0107 dzie\u0144 od yerba mate i s\u0105czy\u0107 ten cudowny napar bog\u00f3w przez ca\u0142y dzie\u0144, ten plakat jest w\u0142a\u015bnie dla Ciebie!<\/p>\n<h3 data-start=\"255\" data-end=\"265\">Opis<\/h3>\n<p data-start=\"204\" data-end=\"447\">Wysokiej jako\u015bci <strong>druk pigmentowy<\/strong> na <strong>satynowym papierze fotograficznym<\/strong> o <strong>gramaturze 260 g\/m\u00b2<\/strong>. Gruby, solidny papier zapewnia <strong>trwa\u0142o\u015b\u0107 oraz g\u0142\u0119bokie, nasycone kolory<\/strong> z wyra\u017anymi detalami i subtelnymi przej\u015bciami tonalnymi.<\/p>\n<p data-start=\"449\" data-end=\"675\">Dzi\u0119ki specjalnej pow\u0142oce atramentowej oraz zastosowaniu bezwonnych, ekologicznych tuszy pigmentowych, <strong>wydruk spe\u0142nia wymogi jako\u015bci muzealnej i galeryjnej<\/strong>. Kolory pozostaj\u0105 intensywne przez lata, bez utraty g\u0142\u0119bi i kontrastu.<\/p>\n<p data-start=\"677\" data-end=\"821\">Ka\u017cdy plakat jest starannie pakowany w <strong>wytrzyma\u0142\u0105 tub\u0119 ochronn\u0105<\/strong>, kt\u00f3ra zabezpiecza go podczas transportu.<\/p>\n<p data-start=\"823\" data-end=\"924\">Plakat sprzedawany jest bez ramy.<\/p>\n<p data-start=\"823\" data-end=\"924\"><strong>Produkt mo\u017cna zwr\u00f3ci\u0107 zgodnie z prawem konsumenta do 14 dni po otrzymaniu przesy\u0142ki.<\/strong><\/p>\n<h3 data-start=\"255\" data-end=\"265\">Wysy\u0142ka<\/h3>\n<p data-start=\"840\" data-end=\"932\">Zam\u00f3wienia realizowane s\u0105 w terminie od 3 do 5 dni roboczych od momentu z\u0142o\u017cenia zam\u00f3wienia. Wysy\u0142ka odbywa si\u0119 za po\u015brednictwem firmy kurierskiej <strong><span class=\"hover:entity-accent entity-underline inline cursor-pointer align-baseline\"><span class=\"whitespace-normal\">DPD<\/span><\/span><\/strong>.<\/p>\n","protected":false},"featured_media":4982,"comment_status":"closed","ping_status":"closed","template":"","meta":{"site-sidebar-layout":"default","site-content-layout":"","ast-site-content-layout":"default","site-content-style":"default","site-sidebar-style":"default","ast-global-header-display":"","ast-banner-title-visibility":"","ast-main-header-display":"","ast-hfb-above-header-display":"","ast-hfb-below-header-display":"","ast-hfb-mobile-header-display":"","site-post-title":"","ast-breadcrumbs-content":"","ast-featured-img":"","footer-sml-layout":"","ast-disable-related-posts":"","theme-transparent-header-meta":"default","adv-header-id-meta":"","stick-header-meta":"","header-above-stick-meta":"","header-main-stick-meta":"","header-below-stick-meta":"","astra-migrate-meta-layouts":"set","ast-page-background-enabled":"default","ast-page-background-meta":{"desktop":{"background-color":"var(--ast-global-color-5)","background-image":"","background-repeat":"repeat","background-position":"center center","background-size":"auto","background-attachment":"scroll","background-type":"","background-media":"","overlay-type":"","overlay-color":"","overlay-opacity":"","overlay-gradient":""},"tablet":{"background-color":"","background-image":"","background-repeat":"repeat","background-position":"center center","background-size":"auto","background-attachment":"scroll","background-type":"","background-media":"","overlay-type":"","overlay-color":"","overlay-opacity":"","overlay-gradient":""},"mobile":{"background-color":"","background-image":"","background-repeat":"repeat","background-position":"center center","background-size":"auto","background-attachment":"scroll","background-type":"","background-media":"","overlay-type":"","overlay-color":"","overlay-opacity":"","overlay-gradient":""}},"ast-content-background-meta":{"desktop":{"background-color":"var(--ast-global-color-4)","background-image":"","background-repeat":"repeat","background-position":"center center","background-size":"auto","background-attachment":"scroll","background-type":"","background-media":"","overlay-type":"","overlay-color":"","overlay-opacity":"","overlay-gradient":""},"tablet":{"background-color":"var(--ast-global-color-4)","background-image":"","background-repeat":"repeat","background-position":"center center","background-size":"auto","background-attachment":"scroll","background-type":"","background-media":"","overlay-type":"","overlay-color":"","overlay-opacity":"","overlay-gradient":""},"mobile":{"background-color":"var(--ast-global-color-4)","background-image":"","background-repeat":"repeat","background-position":"center center","background-size":"auto","background-attachment":"scroll","background-type":"","background-media":"","overlay-type":"","overlay-color":"","overlay-opacity":"","overlay-gradient":""}},"_glsr_average":0,"_glsr_ranking":0,"_glsr_reviews":0},"product_brand":[],"product_cat":[61,51],"product_tag":[],"class_list":{"0":"post-4971","1":"product","2":"type-product","3":"status-publish","4":"has-post-thumbnail","6":"product_cat-other","7":"product_cat-posters","8":"desktop-align-center","9":"tablet-align-center","10":"mobile-align-center","12":"first","13":"instock","14":"purchasable","15":"product-type-variable"},"yoast_head":"<!-- This site is optimized with the Yoast SEO plugin v26.8 - https:\/\/yoast.com\/product\/yoast-seo-wordpress\/ -->\n<title>N212 YEBN\u0118 YERB\u0118 I B\u0118DZIE GIT plakat -<\/title>\n<meta name=\"description\" content=\"Plakaty do Twojego wn\u0119trza wprost od polskiego artysty. \u015awietnej jako\u015bci druk pigmentowy na papierze satynowym o wysokiej gramaturze.\" \/>\n<meta name=\"robots\" content=\"index, follow, max-snippet:-1, max-image-preview:large, max-video-preview:-1\" \/>\n<link rel=\"canonical\" href=\"https:\/\/krabonszcz.com\/index.php\/produkt\/plakat-yerba-mate-matero-bombilla\/\" \/>\n<meta property=\"og:locale\" content=\"pl_PL\" \/>\n<meta property=\"og:type\" content=\"article\" \/>\n<meta property=\"og:title\" content=\"N212 YEBN\u0118 YERB\u0118 I B\u0118DZIE GIT plakat -\" \/>\n<meta property=\"og:description\" content=\"Plakaty do Twojego wn\u0119trza wprost od polskiego artysty. \u015awietnej jako\u015bci druk pigmentowy na papierze satynowym o wysokiej gramaturze.\" \/>\n<meta property=\"og:url\" content=\"https:\/\/krabonszcz.com\/index.php\/produkt\/plakat-yerba-mate-matero-bombilla\/\" \/>\n<meta property=\"article:modified_time\" content=\"2026-04-03T09:44:04+00:00\" \/>\n<meta property=\"og:image\" content=\"http:\/\/krabonszcz.com\/wp-content\/uploads\/2025\/02\/yebne-yerbe-copy.jpg\" \/>\n\t<meta property=\"og:image:width\" content=\"1134\" \/>\n\t<meta property=\"og:image:height\" content=\"1417\" \/>\n\t<meta property=\"og:image:type\" content=\"image\/jpeg\" \/>\n<meta name=\"twitter:card\" content=\"summary_large_image\" \/>\n<meta name=\"twitter:label1\" content=\"Szacowany czas czytania\" \/>\n\t<meta name=\"twitter:data1\" content=\"1 minuta\" \/>\n<script type=\"application\/ld+json\" class=\"yoast-schema-graph\">{\"@context\":\"https:\/\/schema.org\",\"@graph\":[{\"@type\":\"WebPage\",\"@id\":\"https:\/\/krabonszcz.com\/index.php\/produkt\/plakat-yerba-mate-matero-bombilla\/\",\"url\":\"https:\/\/krabonszcz.com\/index.php\/produkt\/plakat-yerba-mate-matero-bombilla\/\",\"name\":\"N212 YEBN\u0118 YERB\u0118 I B\u0118DZIE GIT plakat -\",\"isPartOf\":{\"@id\":\"https:\/\/krabonszcz.com\/#website\"},\"primaryImageOfPage\":{\"@id\":\"https:\/\/krabonszcz.com\/index.php\/produkt\/plakat-yerba-mate-matero-bombilla\/#primaryimage\"},\"image\":{\"@id\":\"https:\/\/krabonszcz.com\/index.php\/produkt\/plakat-yerba-mate-matero-bombilla\/#primaryimage\"},\"thumbnailUrl\":\"https:\/\/krabonszcz.com\/wp-content\/uploads\/2025\/02\/yebne-yerbe-copy.jpg\",\"datePublished\":\"2025-02-17T20:05:26+00:00\",\"dateModified\":\"2026-04-03T09:44:04+00:00\",\"description\":\"Plakaty do Twojego wn\u0119trza wprost od polskiego artysty. \u015awietnej jako\u015bci druk pigmentowy na papierze satynowym o wysokiej gramaturze.\",\"breadcrumb\":{\"@id\":\"https:\/\/krabonszcz.com\/index.php\/produkt\/plakat-yerba-mate-matero-bombilla\/#breadcrumb\"},\"inLanguage\":\"pl-PL\",\"potentialAction\":[{\"@type\":\"ReadAction\",\"target\":[\"https:\/\/krabonszcz.com\/index.php\/produkt\/plakat-yerba-mate-matero-bombilla\/\"]}]},{\"@type\":\"ImageObject\",\"inLanguage\":\"pl-PL\",\"@id\":\"https:\/\/krabonszcz.com\/index.php\/produkt\/plakat-yerba-mate-matero-bombilla\/#primaryimage\",\"url\":\"https:\/\/krabonszcz.com\/wp-content\/uploads\/2025\/02\/yebne-yerbe-copy.jpg\",\"contentUrl\":\"https:\/\/krabonszcz.com\/wp-content\/uploads\/2025\/02\/yebne-yerbe-copy.jpg\",\"width\":1134,\"height\":1417},{\"@type\":\"BreadcrumbList\",\"@id\":\"https:\/\/krabonszcz.com\/index.php\/produkt\/plakat-yerba-mate-matero-bombilla\/#breadcrumb\",\"itemListElement\":[{\"@type\":\"ListItem\",\"position\":1,\"name\":\"Home\",\"item\":\"https:\/\/krabonszcz.com\/\"},{\"@type\":\"ListItem\",\"position\":2,\"name\":\"STORE\",\"item\":\"https:\/\/krabonszcz.com\/index.php\/store\/\"},{\"@type\":\"ListItem\",\"position\":3,\"name\":\"N212 YEBN\u0118 YERB\u0118 I B\u0118DZIE GIT plakat\"}]},{\"@type\":\"WebSite\",\"@id\":\"https:\/\/krabonszcz.com\/#website\",\"url\":\"https:\/\/krabonszcz.com\/\",\"name\":\"krabonszcz.com - obraz i plakaty do Twojego wn\u0119trza\",\"description\":\"\",\"publisher\":{\"@id\":\"https:\/\/krabonszcz.com\/#\/schema\/person\/6f46b30acd87d871e0288d672d4e4734\"},\"potentialAction\":[{\"@type\":\"SearchAction\",\"target\":{\"@type\":\"EntryPoint\",\"urlTemplate\":\"https:\/\/krabonszcz.com\/?s={search_term_string}\"},\"query-input\":{\"@type\":\"PropertyValueSpecification\",\"valueRequired\":true,\"valueName\":\"search_term_string\"}}],\"inLanguage\":\"pl-PL\"},{\"@type\":[\"Person\",\"Organization\"],\"@id\":\"https:\/\/krabonszcz.com\/#\/schema\/person\/6f46b30acd87d871e0288d672d4e4734\",\"name\":\"krabonszcz\",\"image\":{\"@type\":\"ImageObject\",\"inLanguage\":\"pl-PL\",\"@id\":\"https:\/\/krabonszcz.com\/#\/schema\/person\/image\/\",\"url\":\"https:\/\/krabonszcz.com\/wp-content\/uploads\/2025\/12\/cropped-Krabonszcz_Logo-2025-czarne-copy-scaled-1.png\",\"contentUrl\":\"https:\/\/krabonszcz.com\/wp-content\/uploads\/2025\/12\/cropped-Krabonszcz_Logo-2025-czarne-copy-scaled-1.png\",\"width\":2559,\"height\":988,\"caption\":\"krabonszcz\"},\"logo\":{\"@id\":\"https:\/\/krabonszcz.com\/#\/schema\/person\/image\/\"}}]}<\/script>\n<!-- \/ Yoast SEO plugin. -->","yoast_head_json":{"title":"N212 YEBN\u0118 YERB\u0118 I B\u0118DZIE GIT plakat -","description":"Plakaty do Twojego wn\u0119trza wprost od polskiego artysty. \u015awietnej jako\u015bci druk pigmentowy na papierze satynowym o wysokiej gramaturze.","robots":{"index":"index","follow":"follow","max-snippet":"max-snippet:-1","max-image-preview":"max-image-preview:large","max-video-preview":"max-video-preview:-1"},"canonical":"https:\/\/krabonszcz.com\/index.php\/produkt\/plakat-yerba-mate-matero-bombilla\/","og_locale":"pl_PL","og_type":"article","og_title":"N212 YEBN\u0118 YERB\u0118 I B\u0118DZIE GIT plakat -","og_description":"Plakaty do Twojego wn\u0119trza wprost od polskiego artysty. \u015awietnej jako\u015bci druk pigmentowy na papierze satynowym o wysokiej gramaturze.","og_url":"https:\/\/krabonszcz.com\/index.php\/produkt\/plakat-yerba-mate-matero-bombilla\/","article_modified_time":"2026-04-03T09:44:04+00:00","og_image":[{"width":1134,"height":1417,"url":"http:\/\/krabonszcz.com\/wp-content\/uploads\/2025\/02\/yebne-yerbe-copy.jpg","type":"image\/jpeg"}],"twitter_card":"summary_large_image","twitter_misc":{"Szacowany czas czytania":"1 minuta"},"schema":{"@context":"https:\/\/schema.org","@graph":[{"@type":"WebPage","@id":"https:\/\/krabonszcz.com\/index.php\/produkt\/plakat-yerba-mate-matero-bombilla\/","url":"https:\/\/krabonszcz.com\/index.php\/produkt\/plakat-yerba-mate-matero-bombilla\/","name":"N212 YEBN\u0118 YERB\u0118 I B\u0118DZIE GIT plakat -","isPartOf":{"@id":"https:\/\/krabonszcz.com\/#website"},"primaryImageOfPage":{"@id":"https:\/\/krabonszcz.com\/index.php\/produkt\/plakat-yerba-mate-matero-bombilla\/#primaryimage"},"image":{"@id":"https:\/\/krabonszcz.com\/index.php\/produkt\/plakat-yerba-mate-matero-bombilla\/#primaryimage"},"thumbnailUrl":"https:\/\/krabonszcz.com\/wp-content\/uploads\/2025\/02\/yebne-yerbe-copy.jpg","datePublished":"2025-02-17T20:05:26+00:00","dateModified":"2026-04-03T09:44:04+00:00","description":"Plakaty do Twojego wn\u0119trza wprost od polskiego artysty. \u015awietnej jako\u015bci druk pigmentowy na papierze satynowym o wysokiej gramaturze.","breadcrumb":{"@id":"https:\/\/krabonszcz.com\/index.php\/produkt\/plakat-yerba-mate-matero-bombilla\/#breadcrumb"},"inLanguage":"pl-PL","potentialAction":[{"@type":"ReadAction","target":["https:\/\/krabonszcz.com\/index.php\/produkt\/plakat-yerba-mate-matero-bombilla\/"]}]},{"@type":"ImageObject","inLanguage":"pl-PL","@id":"https:\/\/krabonszcz.com\/index.php\/produkt\/plakat-yerba-mate-matero-bombilla\/#primaryimage","url":"https:\/\/krabonszcz.com\/wp-content\/uploads\/2025\/02\/yebne-yerbe-copy.jpg","contentUrl":"https:\/\/krabonszcz.com\/wp-content\/uploads\/2025\/02\/yebne-yerbe-copy.jpg","width":1134,"height":1417},{"@type":"BreadcrumbList","@id":"https:\/\/krabonszcz.com\/index.php\/produkt\/plakat-yerba-mate-matero-bombilla\/#breadcrumb","itemListElement":[{"@type":"ListItem","position":1,"name":"Home","item":"https:\/\/krabonszcz.com\/"},{"@type":"ListItem","position":2,"name":"STORE","item":"https:\/\/krabonszcz.com\/index.php\/store\/"},{"@type":"ListItem","position":3,"name":"N212 YEBN\u0118 YERB\u0118 I B\u0118DZIE GIT plakat"}]},{"@type":"WebSite","@id":"https:\/\/krabonszcz.com\/#website","url":"https:\/\/krabonszcz.com\/","name":"krabonszcz.com - obraz i plakaty do Twojego wn\u0119trza","description":"","publisher":{"@id":"https:\/\/krabonszcz.com\/#\/schema\/person\/6f46b30acd87d871e0288d672d4e4734"},"potentialAction":[{"@type":"SearchAction","target":{"@type":"EntryPoint","urlTemplate":"https:\/\/krabonszcz.com\/?s={search_term_string}"},"query-input":{"@type":"PropertyValueSpecification","valueRequired":true,"valueName":"search_term_string"}}],"inLanguage":"pl-PL"},{"@type":["Person","Organization"],"@id":"https:\/\/krabonszcz.com\/#\/schema\/person\/6f46b30acd87d871e0288d672d4e4734","name":"krabonszcz","image":{"@type":"ImageObject","inLanguage":"pl-PL","@id":"https:\/\/krabonszcz.com\/#\/schema\/person\/image\/","url":"https:\/\/krabonszcz.com\/wp-content\/uploads\/2025\/12\/cropped-Krabonszcz_Logo-2025-czarne-copy-scaled-1.png","contentUrl":"https:\/\/krabonszcz.com\/wp-content\/uploads\/2025\/12\/cropped-Krabonszcz_Logo-2025-czarne-copy-scaled-1.png","width":2559,"height":988,"caption":"krabonszcz"},"logo":{"@id":"https:\/\/krabonszcz.com\/#\/schema\/person\/image\/"}}]}},"_links":{"self":[{"href":"https:\/\/krabonszcz.com\/index.php\/wp-json\/wp\/v2\/product\/4971","targetHints":{"allow":["GET"]}}],"collection":[{"href":"https:\/\/krabonszcz.com\/index.php\/wp-json\/wp\/v2\/product"}],"about":[{"href":"https:\/\/krabonszcz.com\/index.php\/wp-json\/wp\/v2\/types\/product"}],"replies":[{"embeddable":true,"href":"https:\/\/krabonszcz.com\/index.php\/wp-json\/wp\/v2\/comments?post=4971"}],"wp:featuredmedia":[{"embeddable":true,"href":"https:\/\/krabonszcz.com\/index.php\/wp-json\/wp\/v2\/media\/4982"}],"wp:attachment":[{"href":"https:\/\/krabonszcz.com\/index.php\/wp-json\/wp\/v2\/media?parent=4971"}],"wp:term":[{"taxonomy":"product_brand","embeddable":true,"href":"https:\/\/krabonszcz.com\/index.php\/wp-json\/wp\/v2\/product_brand?post=4971"},{"taxonomy":"product_cat","embeddable":true,"href":"https:\/\/krabonszcz.com\/index.php\/wp-json\/wp\/v2\/product_cat?post=4971"},{"taxonomy":"product_tag","embeddable":true,"href":"https:\/\/krabonszcz.com\/index.php\/wp-json\/wp\/v2\/product_tag?post=4971"}],"curies":[{"name":"wp","href":"https:\/\/api.w.org\/{rel}","templated":true}]}}