{"id":5349,"date":"2025-08-06T13:12:12","date_gmt":"2025-08-06T11:12:12","guid":{"rendered":"https:\/\/krabonszcz.com\/?post_type=product&#038;p=5349"},"modified":"2026-03-13T13:28:34","modified_gmt":"2026-03-13T12:28:34","slug":"p049-supersonic","status":"publish","type":"product","link":"https:\/\/krabonszcz.com\/index.php\/produkt\/p049-supersonic\/","title":{"rendered":"P049 SUPERSONIC"},"content":{"rendered":"","protected":false},"excerpt":{"rendered":"<p>Obraz wylicytowany na aukcji Pragalerii: https:\/\/one.bid\/en\/new-art-krabonszcz-b-1994-supersonic-2025\/3148195<\/p>\n<p>Obraz malowany <strong>farbami akrylowymi<\/strong> na <strong>w\u0142oskim p\u0142\u00f3tnie bawe\u0142nianym 338 g\/m2<\/strong>, rozmiar <strong>100x80cm<\/strong>. Dodatkowo u\u017cyta zosta\u0142a <strong>farba chromowana<\/strong> kt\u00f3ra <strong>odbija \u015bwiat\u0142o<\/strong> w zale\u017cno\u015bci od k\u0105ta padania, oraz k\u0105ta z kt\u00f3rego na obraz patrzymy, tworz\u0105c efekt uwydatnienia oczu postaci (no po prostu jest to \u015bwietny detal kt\u00f3rym bardzo si\u0119 jaram!). Obraz naci\u0105gni\u0119ty na blejtram\u0119 i <strong>gotowy do powieszenia<\/strong>. <strong>Boki zamalowane na czarno<\/strong> dla lepszego prezentowania si\u0119 na \u015bcianie. <strong>Zawerniksowany<\/strong>.<\/p>\n<p>Wystawiam <strong>certyfikat autentyczno\u015bci<\/strong>. Obraz zabezpieczony jest do wysy\u0142ki <strong>p\u0142ytami HDF<\/strong> z dw\u00f3ch stron, przez co nie straszna mu podr\u00f3\u017c. \ud83d\ude42<br \/>\nMoje oryginalne obrazy malarskie idealnie nadaj\u0105 si\u0119 do ka\u017cdego pomieszczenia. Wprowadzaj\u0105 szalon\u0105 dawk\u0119 energii do miejsca w kt\u00f3rym si\u0119 znajduj\u0105 i sprawiaj\u0105, \u017ce miejsce to jest jeszcze bardziej wyj\u0105tkowe.<\/p>\n[video width=\"608\" height=\"1080\" mp4=\"https:\/\/krabonszcz.com\/wp-content\/uploads\/2025\/08\/p049-blask.mp4\"][\/video]\n<p><strong>Acrylic on 300g\/m2 cotton canvas<\/strong>, 100x80cm. Wrapped on a <strong>pine stretcher<\/strong>. <strong>Varnished<\/strong>, <strong>ready to hang<\/strong>. Sides painted black. <strong>Certificate of authenticity<\/strong> included. Painting is protected for shipping with <strong>HDF boards<\/strong> from both sides.<\/p>\n","protected":false},"featured_media":5691,"comment_status":"closed","ping_status":"closed","template":"","meta":{"site-sidebar-layout":"default","site-content-layout":"","ast-site-content-layout":"default","site-content-style":"default","site-sidebar-style":"default","ast-global-header-display":"","ast-banner-title-visibility":"","ast-main-header-display":"","ast-hfb-above-header-display":"","ast-hfb-below-header-display":"","ast-hfb-mobile-header-display":"","site-post-title":"","ast-breadcrumbs-content":"","ast-featured-img":"","footer-sml-layout":"","ast-disable-related-posts":"","theme-transparent-header-meta":"default","adv-header-id-meta":"","stick-header-meta":"","header-above-stick-meta":"","header-main-stick-meta":"","header-below-stick-meta":"","astra-migrate-meta-layouts":"set","ast-page-background-enabled":"default","ast-page-background-meta":{"desktop":{"background-color":"var(--ast-global-color-5)","background-image":"","background-repeat":"repeat","background-position":"center center","background-size":"auto","background-attachment":"scroll","background-type":"","background-media":"","overlay-type":"","overlay-color":"","overlay-opacity":"","overlay-gradient":""},"tablet":{"background-color":"","background-image":"","background-repeat":"repeat","background-position":"center center","background-size":"auto","background-attachment":"scroll","background-type":"","background-media":"","overlay-type":"","overlay-color":"","overlay-opacity":"","overlay-gradient":""},"mobile":{"background-color":"","background-image":"","background-repeat":"repeat","background-position":"center center","background-size":"auto","background-attachment":"scroll","background-type":"","background-media":"","overlay-type":"","overlay-color":"","overlay-opacity":"","overlay-gradient":""}},"ast-content-background-meta":{"desktop":{"background-color":"var(--ast-global-color-4)","background-image":"","background-repeat":"repeat","background-position":"center center","background-size":"auto","background-attachment":"scroll","background-type":"","background-media":"","overlay-type":"","overlay-color":"","overlay-opacity":"","overlay-gradient":""},"tablet":{"background-color":"var(--ast-global-color-4)","background-image":"","background-repeat":"repeat","background-position":"center center","background-size":"auto","background-attachment":"scroll","background-type":"","background-media":"","overlay-type":"","overlay-color":"","overlay-opacity":"","overlay-gradient":""},"mobile":{"background-color":"var(--ast-global-color-4)","background-image":"","background-repeat":"repeat","background-position":"center center","background-size":"auto","background-attachment":"scroll","background-type":"","background-media":"","overlay-type":"","overlay-color":"","overlay-opacity":"","overlay-gradient":""}},"_glsr_average":0,"_glsr_ranking":0,"_glsr_reviews":0},"product_brand":[],"product_cat":[49],"product_tag":[],"class_list":{"0":"post-5349","1":"product","2":"type-product","3":"status-publish","4":"has-post-thumbnail","6":"product_cat-paintings","7":"desktop-align-center","8":"tablet-align-center","9":"mobile-align-center","11":"first","12":"outofstock","13":"purchasable","14":"product-type-simple"},"yoast_head":"<!-- This site is optimized with the Yoast SEO plugin v26.8 - https:\/\/yoast.com\/product\/yoast-seo-wordpress\/ -->\n<title>P049 SUPERSONIC -<\/title>\n<meta name=\"description\" content=\"Obraz malarski P048 - NO TIME. Oryginalne obrazy od Polskiego artysty bezpo\u015brednio do twojego domu czy mieszkania (i nie tylko!).\" \/>\n<meta name=\"robots\" content=\"index, follow, max-snippet:-1, max-image-preview:large, max-video-preview:-1\" \/>\n<link rel=\"canonical\" href=\"https:\/\/krabonszcz.com\/index.php\/produkt\/p049-supersonic\/\" \/>\n<meta property=\"og:locale\" content=\"pl_PL\" \/>\n<meta property=\"og:type\" content=\"article\" \/>\n<meta property=\"og:title\" content=\"P049 SUPERSONIC -\" \/>\n<meta property=\"og:description\" content=\"Obraz malarski P048 - NO TIME. Oryginalne obrazy od Polskiego artysty bezpo\u015brednio do twojego domu czy mieszkania (i nie tylko!).\" \/>\n<meta property=\"og:url\" content=\"https:\/\/krabonszcz.com\/index.php\/produkt\/p049-supersonic\/\" \/>\n<meta property=\"article:modified_time\" content=\"2026-03-13T12:28:34+00:00\" \/>\n<meta property=\"og:image\" content=\"http:\/\/krabonszcz.com\/wp-content\/uploads\/2025\/08\/p049-sold.jpg\" \/>\n\t<meta property=\"og:image:width\" content=\"720\" \/>\n\t<meta property=\"og:image:height\" content=\"1063\" \/>\n\t<meta property=\"og:image:type\" content=\"image\/jpeg\" \/>\n<meta name=\"twitter:card\" content=\"summary_large_image\" \/>\n<meta name=\"twitter:label1\" content=\"Szacowany czas czytania\" \/>\n\t<meta name=\"twitter:data1\" content=\"1 minuta\" \/>\n<script type=\"application\/ld+json\" class=\"yoast-schema-graph\">{\"@context\":\"https:\/\/schema.org\",\"@graph\":[{\"@type\":\"WebPage\",\"@id\":\"https:\/\/krabonszcz.com\/index.php\/produkt\/p049-supersonic\/\",\"url\":\"https:\/\/krabonszcz.com\/index.php\/produkt\/p049-supersonic\/\",\"name\":\"P049 SUPERSONIC -\",\"isPartOf\":{\"@id\":\"https:\/\/krabonszcz.com\/#website\"},\"primaryImageOfPage\":{\"@id\":\"https:\/\/krabonszcz.com\/index.php\/produkt\/p049-supersonic\/#primaryimage\"},\"image\":{\"@id\":\"https:\/\/krabonszcz.com\/index.php\/produkt\/p049-supersonic\/#primaryimage\"},\"thumbnailUrl\":\"https:\/\/krabonszcz.com\/wp-content\/uploads\/2025\/08\/p049-sold.jpg\",\"datePublished\":\"2025-08-06T11:12:12+00:00\",\"dateModified\":\"2026-03-13T12:28:34+00:00\",\"description\":\"Obraz malarski P048 - NO TIME. Oryginalne obrazy od Polskiego artysty bezpo\u015brednio do twojego domu czy mieszkania (i nie tylko!).\",\"breadcrumb\":{\"@id\":\"https:\/\/krabonszcz.com\/index.php\/produkt\/p049-supersonic\/#breadcrumb\"},\"inLanguage\":\"pl-PL\",\"potentialAction\":[{\"@type\":\"ReadAction\",\"target\":[\"https:\/\/krabonszcz.com\/index.php\/produkt\/p049-supersonic\/\"]}]},{\"@type\":\"ImageObject\",\"inLanguage\":\"pl-PL\",\"@id\":\"https:\/\/krabonszcz.com\/index.php\/produkt\/p049-supersonic\/#primaryimage\",\"url\":\"https:\/\/krabonszcz.com\/wp-content\/uploads\/2025\/08\/p049-sold.jpg\",\"contentUrl\":\"https:\/\/krabonszcz.com\/wp-content\/uploads\/2025\/08\/p049-sold.jpg\",\"width\":720,\"height\":1063},{\"@type\":\"BreadcrumbList\",\"@id\":\"https:\/\/krabonszcz.com\/index.php\/produkt\/p049-supersonic\/#breadcrumb\",\"itemListElement\":[{\"@type\":\"ListItem\",\"position\":1,\"name\":\"Home\",\"item\":\"https:\/\/krabonszcz.com\/\"},{\"@type\":\"ListItem\",\"position\":2,\"name\":\"STORE\",\"item\":\"https:\/\/krabonszcz.com\/index.php\/store\/\"},{\"@type\":\"ListItem\",\"position\":3,\"name\":\"P049 SUPERSONIC\"}]},{\"@type\":\"WebSite\",\"@id\":\"https:\/\/krabonszcz.com\/#website\",\"url\":\"https:\/\/krabonszcz.com\/\",\"name\":\"krabonszcz.com - obraz i plakaty do Twojego wn\u0119trza\",\"description\":\"\",\"publisher\":{\"@id\":\"https:\/\/krabonszcz.com\/#\/schema\/person\/6f46b30acd87d871e0288d672d4e4734\"},\"potentialAction\":[{\"@type\":\"SearchAction\",\"target\":{\"@type\":\"EntryPoint\",\"urlTemplate\":\"https:\/\/krabonszcz.com\/?s={search_term_string}\"},\"query-input\":{\"@type\":\"PropertyValueSpecification\",\"valueRequired\":true,\"valueName\":\"search_term_string\"}}],\"inLanguage\":\"pl-PL\"},{\"@type\":[\"Person\",\"Organization\"],\"@id\":\"https:\/\/krabonszcz.com\/#\/schema\/person\/6f46b30acd87d871e0288d672d4e4734\",\"name\":\"krabonszcz\",\"image\":{\"@type\":\"ImageObject\",\"inLanguage\":\"pl-PL\",\"@id\":\"https:\/\/krabonszcz.com\/#\/schema\/person\/image\/\",\"url\":\"https:\/\/krabonszcz.com\/wp-content\/uploads\/2025\/12\/cropped-Krabonszcz_Logo-2025-czarne-copy-scaled-1.png\",\"contentUrl\":\"https:\/\/krabonszcz.com\/wp-content\/uploads\/2025\/12\/cropped-Krabonszcz_Logo-2025-czarne-copy-scaled-1.png\",\"width\":2559,\"height\":988,\"caption\":\"krabonszcz\"},\"logo\":{\"@id\":\"https:\/\/krabonszcz.com\/#\/schema\/person\/image\/\"}}]}<\/script>\n<!-- \/ Yoast SEO plugin. -->","yoast_head_json":{"title":"P049 SUPERSONIC -","description":"Obraz malarski P048 - NO TIME. Oryginalne obrazy od Polskiego artysty bezpo\u015brednio do twojego domu czy mieszkania (i nie tylko!).","robots":{"index":"index","follow":"follow","max-snippet":"max-snippet:-1","max-image-preview":"max-image-preview:large","max-video-preview":"max-video-preview:-1"},"canonical":"https:\/\/krabonszcz.com\/index.php\/produkt\/p049-supersonic\/","og_locale":"pl_PL","og_type":"article","og_title":"P049 SUPERSONIC -","og_description":"Obraz malarski P048 - NO TIME. Oryginalne obrazy od Polskiego artysty bezpo\u015brednio do twojego domu czy mieszkania (i nie tylko!).","og_url":"https:\/\/krabonszcz.com\/index.php\/produkt\/p049-supersonic\/","article_modified_time":"2026-03-13T12:28:34+00:00","og_image":[{"width":720,"height":1063,"url":"http:\/\/krabonszcz.com\/wp-content\/uploads\/2025\/08\/p049-sold.jpg","type":"image\/jpeg"}],"twitter_card":"summary_large_image","twitter_misc":{"Szacowany czas czytania":"1 minuta"},"schema":{"@context":"https:\/\/schema.org","@graph":[{"@type":"WebPage","@id":"https:\/\/krabonszcz.com\/index.php\/produkt\/p049-supersonic\/","url":"https:\/\/krabonszcz.com\/index.php\/produkt\/p049-supersonic\/","name":"P049 SUPERSONIC -","isPartOf":{"@id":"https:\/\/krabonszcz.com\/#website"},"primaryImageOfPage":{"@id":"https:\/\/krabonszcz.com\/index.php\/produkt\/p049-supersonic\/#primaryimage"},"image":{"@id":"https:\/\/krabonszcz.com\/index.php\/produkt\/p049-supersonic\/#primaryimage"},"thumbnailUrl":"https:\/\/krabonszcz.com\/wp-content\/uploads\/2025\/08\/p049-sold.jpg","datePublished":"2025-08-06T11:12:12+00:00","dateModified":"2026-03-13T12:28:34+00:00","description":"Obraz malarski P048 - NO TIME. Oryginalne obrazy od Polskiego artysty bezpo\u015brednio do twojego domu czy mieszkania (i nie tylko!).","breadcrumb":{"@id":"https:\/\/krabonszcz.com\/index.php\/produkt\/p049-supersonic\/#breadcrumb"},"inLanguage":"pl-PL","potentialAction":[{"@type":"ReadAction","target":["https:\/\/krabonszcz.com\/index.php\/produkt\/p049-supersonic\/"]}]},{"@type":"ImageObject","inLanguage":"pl-PL","@id":"https:\/\/krabonszcz.com\/index.php\/produkt\/p049-supersonic\/#primaryimage","url":"https:\/\/krabonszcz.com\/wp-content\/uploads\/2025\/08\/p049-sold.jpg","contentUrl":"https:\/\/krabonszcz.com\/wp-content\/uploads\/2025\/08\/p049-sold.jpg","width":720,"height":1063},{"@type":"BreadcrumbList","@id":"https:\/\/krabonszcz.com\/index.php\/produkt\/p049-supersonic\/#breadcrumb","itemListElement":[{"@type":"ListItem","position":1,"name":"Home","item":"https:\/\/krabonszcz.com\/"},{"@type":"ListItem","position":2,"name":"STORE","item":"https:\/\/krabonszcz.com\/index.php\/store\/"},{"@type":"ListItem","position":3,"name":"P049 SUPERSONIC"}]},{"@type":"WebSite","@id":"https:\/\/krabonszcz.com\/#website","url":"https:\/\/krabonszcz.com\/","name":"krabonszcz.com - obraz i plakaty do Twojego wn\u0119trza","description":"","publisher":{"@id":"https:\/\/krabonszcz.com\/#\/schema\/person\/6f46b30acd87d871e0288d672d4e4734"},"potentialAction":[{"@type":"SearchAction","target":{"@type":"EntryPoint","urlTemplate":"https:\/\/krabonszcz.com\/?s={search_term_string}"},"query-input":{"@type":"PropertyValueSpecification","valueRequired":true,"valueName":"search_term_string"}}],"inLanguage":"pl-PL"},{"@type":["Person","Organization"],"@id":"https:\/\/krabonszcz.com\/#\/schema\/person\/6f46b30acd87d871e0288d672d4e4734","name":"krabonszcz","image":{"@type":"ImageObject","inLanguage":"pl-PL","@id":"https:\/\/krabonszcz.com\/#\/schema\/person\/image\/","url":"https:\/\/krabonszcz.com\/wp-content\/uploads\/2025\/12\/cropped-Krabonszcz_Logo-2025-czarne-copy-scaled-1.png","contentUrl":"https:\/\/krabonszcz.com\/wp-content\/uploads\/2025\/12\/cropped-Krabonszcz_Logo-2025-czarne-copy-scaled-1.png","width":2559,"height":988,"caption":"krabonszcz"},"logo":{"@id":"https:\/\/krabonszcz.com\/#\/schema\/person\/image\/"}}]}},"_links":{"self":[{"href":"https:\/\/krabonszcz.com\/index.php\/wp-json\/wp\/v2\/product\/5349","targetHints":{"allow":["GET"]}}],"collection":[{"href":"https:\/\/krabonszcz.com\/index.php\/wp-json\/wp\/v2\/product"}],"about":[{"href":"https:\/\/krabonszcz.com\/index.php\/wp-json\/wp\/v2\/types\/product"}],"replies":[{"embeddable":true,"href":"https:\/\/krabonszcz.com\/index.php\/wp-json\/wp\/v2\/comments?post=5349"}],"wp:featuredmedia":[{"embeddable":true,"href":"https:\/\/krabonszcz.com\/index.php\/wp-json\/wp\/v2\/media\/5691"}],"wp:attachment":[{"href":"https:\/\/krabonszcz.com\/index.php\/wp-json\/wp\/v2\/media?parent=5349"}],"wp:term":[{"taxonomy":"product_brand","embeddable":true,"href":"https:\/\/krabonszcz.com\/index.php\/wp-json\/wp\/v2\/product_brand?post=5349"},{"taxonomy":"product_cat","embeddable":true,"href":"https:\/\/krabonszcz.com\/index.php\/wp-json\/wp\/v2\/product_cat?post=5349"},{"taxonomy":"product_tag","embeddable":true,"href":"https:\/\/krabonszcz.com\/index.php\/wp-json\/wp\/v2\/product_tag?post=5349"}],"curies":[{"name":"wp","href":"https:\/\/api.w.org\/{rel}","templated":true}]}}