{"id":5717,"date":"2026-04-16T10:43:29","date_gmt":"2026-04-16T08:43:29","guid":{"rendered":"https:\/\/krabonszcz.com\/?post_type=product&#038;p=5717"},"modified":"2026-04-16T11:41:46","modified_gmt":"2026-04-16T09:41:46","slug":"p053-fade-into-you","status":"publish","type":"product","link":"https:\/\/krabonszcz.com\/index.php\/produkt\/p053-fade-into-you\/","title":{"rendered":"P053 &#8222;Fade Into You&#8221;"},"content":{"rendered":"","protected":false},"excerpt":{"rendered":"<p>Obraz malowany <strong>farbami akrylowymi<\/strong> z dodatkiem <strong>farby chrom<\/strong> na p\u0142\u00f3tnie bawe\u0142nianym <strong>300g\/m2<\/strong>, rozmiar <strong>50x70cm<\/strong>. <strong>Farba chrom odbija \u015bwiat\u0142o, na \u017cywo obraz wr\u0119cz &#8222;pod\u0105\u017ca&#8221; za odbiorc\u0105.<\/strong><\/p>\n<p>Naci\u0105gni\u0119ty na blejtram\u0119 i <strong>gotowy do powieszenia<\/strong>. <strong>Boki zamalowane na czarno<\/strong> dla lepszego prezentowania si\u0119 na \u015bcianie. Wystawiam <strong>certyfikat autentyczno\u015bci<\/strong>. Obraz zabezpieczony jest do wysy\u0142ki <strong>p\u0142ytami HDF<\/strong> z dw\u00f3ch stron, przez co nie straszna mu podr\u00f3\u017c. \ud83d\ude42<\/p>\n<p><strong>Acrylic on 300g\/m2 cotton canvas<\/strong>, 50x70cm. Wrapped on a <strong>pine stretcher<\/strong>. <strong>Varnished<\/strong>, <strong>ready to hang<\/strong>. Sides painted black. <strong>Certificate of authenticity<\/strong> included. Painting is protected for shipping with <strong>HDF boards<\/strong> from both sides.<\/p>\n","protected":false},"featured_media":5718,"comment_status":"closed","ping_status":"closed","template":"","meta":{"site-sidebar-layout":"default","site-content-layout":"","ast-site-content-layout":"default","site-content-style":"default","site-sidebar-style":"default","ast-global-header-display":"","ast-banner-title-visibility":"","ast-main-header-display":"","ast-hfb-above-header-display":"","ast-hfb-below-header-display":"","ast-hfb-mobile-header-display":"","site-post-title":"","ast-breadcrumbs-content":"","ast-featured-img":"","footer-sml-layout":"","ast-disable-related-posts":"","theme-transparent-header-meta":"default","adv-header-id-meta":"","stick-header-meta":"","header-above-stick-meta":"","header-main-stick-meta":"","header-below-stick-meta":"","astra-migrate-meta-layouts":"set","ast-page-background-enabled":"default","ast-page-background-meta":{"desktop":{"background-color":"var(--ast-global-color-5)","background-image":"","background-repeat":"repeat","background-position":"center center","background-size":"auto","background-attachment":"scroll","background-type":"","background-media":"","overlay-type":"","overlay-color":"","overlay-opacity":"","overlay-gradient":""},"tablet":{"background-color":"","background-image":"","background-repeat":"repeat","background-position":"center center","background-size":"auto","background-attachment":"scroll","background-type":"","background-media":"","overlay-type":"","overlay-color":"","overlay-opacity":"","overlay-gradient":""},"mobile":{"background-color":"","background-image":"","background-repeat":"repeat","background-position":"center center","background-size":"auto","background-attachment":"scroll","background-type":"","background-media":"","overlay-type":"","overlay-color":"","overlay-opacity":"","overlay-gradient":""}},"ast-content-background-meta":{"desktop":{"background-color":"var(--ast-global-color-4)","background-image":"","background-repeat":"repeat","background-position":"center center","background-size":"auto","background-attachment":"scroll","background-type":"","background-media":"","overlay-type":"","overlay-color":"","overlay-opacity":"","overlay-gradient":""},"tablet":{"background-color":"var(--ast-global-color-4)","background-image":"","background-repeat":"repeat","background-position":"center center","background-size":"auto","background-attachment":"scroll","background-type":"","background-media":"","overlay-type":"","overlay-color":"","overlay-opacity":"","overlay-gradient":""},"mobile":{"background-color":"var(--ast-global-color-4)","background-image":"","background-repeat":"repeat","background-position":"center center","background-size":"auto","background-attachment":"scroll","background-type":"","background-media":"","overlay-type":"","overlay-color":"","overlay-opacity":"","overlay-gradient":""}}},"product_brand":[],"product_cat":[49,62],"product_tag":[],"class_list":{"0":"post-5717","1":"product","2":"type-product","3":"status-publish","4":"has-post-thumbnail","6":"product_cat-paintings","7":"product_cat-new-stuff","8":"desktop-align-center","9":"tablet-align-center","10":"mobile-align-center","12":"first","13":"instock","14":"purchasable","15":"product-type-simple"},"yoast_head":"<!-- This site is optimized with the Yoast SEO plugin v26.8 - https:\/\/yoast.com\/product\/yoast-seo-wordpress\/ -->\n<title>P053 &quot;Fade Into You&quot; -<\/title>\n<meta name=\"robots\" content=\"index, follow, max-snippet:-1, max-image-preview:large, max-video-preview:-1\" \/>\n<link rel=\"canonical\" href=\"https:\/\/krabonszcz.com\/index.php\/produkt\/p053-fade-into-you\/\" \/>\n<meta property=\"og:locale\" content=\"pl_PL\" \/>\n<meta property=\"og:type\" content=\"article\" \/>\n<meta property=\"og:title\" content=\"P053 &quot;Fade Into You&quot; -\" \/>\n<meta property=\"og:description\" content=\"Obraz malowany farbami akrylowymi z dodatkiem farby chrom na p\u0142\u00f3tnie bawe\u0142nianym 300g\/m2, rozmiar 50x70cm. Farba chrom odbija \u015bwiat\u0142o, na \u017cywo obraz wr\u0119cz &quot;pod\u0105\u017ca&quot; za odbiorc\u0105.  Naci\u0105gni\u0119ty na blejtram\u0119 i gotowy do powieszenia. Boki zamalowane na czarno dla lepszego prezentowania si\u0119 na \u015bcianie. Wystawiam certyfikat autentyczno\u015bci. Obraz zabezpieczony jest do wysy\u0142ki p\u0142ytami HDF z dw\u00f3ch stron, przez co nie straszna mu podr\u00f3\u017c. :)  Acrylic on 300g\/m2 cotton canvas, 50x70cm. Wrapped on a pine stretcher. Varnished, ready to hang. Sides painted black. Certificate of authenticity included. Painting is protected for shipping with HDF boards from both sides.\" \/>\n<meta property=\"og:url\" content=\"https:\/\/krabonszcz.com\/index.php\/produkt\/p053-fade-into-you\/\" \/>\n<meta property=\"article:modified_time\" content=\"2026-04-16T09:41:46+00:00\" \/>\n<meta property=\"og:image\" content=\"http:\/\/krabonszcz.com\/wp-content\/uploads\/2026\/04\/p053-glowne-zoom.jpg\" \/>\n\t<meta property=\"og:image:width\" content=\"1015\" \/>\n\t<meta property=\"og:image:height\" content=\"1417\" \/>\n\t<meta property=\"og:image:type\" content=\"image\/jpeg\" \/>\n<meta name=\"twitter:card\" content=\"summary_large_image\" \/>\n<meta name=\"twitter:label1\" content=\"Szacowany czas czytania\" \/>\n\t<meta name=\"twitter:data1\" content=\"1 minuta\" \/>\n<script type=\"application\/ld+json\" class=\"yoast-schema-graph\">{\"@context\":\"https:\/\/schema.org\",\"@graph\":[{\"@type\":\"WebPage\",\"@id\":\"https:\/\/krabonszcz.com\/index.php\/produkt\/p053-fade-into-you\/\",\"url\":\"https:\/\/krabonszcz.com\/index.php\/produkt\/p053-fade-into-you\/\",\"name\":\"P053 \\\"Fade Into You\\\" -\",\"isPartOf\":{\"@id\":\"https:\/\/krabonszcz.com\/#website\"},\"primaryImageOfPage\":{\"@id\":\"https:\/\/krabonszcz.com\/index.php\/produkt\/p053-fade-into-you\/#primaryimage\"},\"image\":{\"@id\":\"https:\/\/krabonszcz.com\/index.php\/produkt\/p053-fade-into-you\/#primaryimage\"},\"thumbnailUrl\":\"https:\/\/krabonszcz.com\/wp-content\/uploads\/2026\/04\/p053-glowne-zoom.jpg\",\"datePublished\":\"2026-04-16T08:43:29+00:00\",\"dateModified\":\"2026-04-16T09:41:46+00:00\",\"breadcrumb\":{\"@id\":\"https:\/\/krabonszcz.com\/index.php\/produkt\/p053-fade-into-you\/#breadcrumb\"},\"inLanguage\":\"pl-PL\",\"potentialAction\":[{\"@type\":\"ReadAction\",\"target\":[\"https:\/\/krabonszcz.com\/index.php\/produkt\/p053-fade-into-you\/\"]}]},{\"@type\":\"ImageObject\",\"inLanguage\":\"pl-PL\",\"@id\":\"https:\/\/krabonszcz.com\/index.php\/produkt\/p053-fade-into-you\/#primaryimage\",\"url\":\"https:\/\/krabonszcz.com\/wp-content\/uploads\/2026\/04\/p053-glowne-zoom.jpg\",\"contentUrl\":\"https:\/\/krabonszcz.com\/wp-content\/uploads\/2026\/04\/p053-glowne-zoom.jpg\",\"width\":1015,\"height\":1417},{\"@type\":\"BreadcrumbList\",\"@id\":\"https:\/\/krabonszcz.com\/index.php\/produkt\/p053-fade-into-you\/#breadcrumb\",\"itemListElement\":[{\"@type\":\"ListItem\",\"position\":1,\"name\":\"Home\",\"item\":\"https:\/\/krabonszcz.com\/\"},{\"@type\":\"ListItem\",\"position\":2,\"name\":\"STORE\",\"item\":\"https:\/\/krabonszcz.com\/index.php\/store\/\"},{\"@type\":\"ListItem\",\"position\":3,\"name\":\"P053 &#8220;Fade Into You&#8221;\"}]},{\"@type\":\"WebSite\",\"@id\":\"https:\/\/krabonszcz.com\/#website\",\"url\":\"https:\/\/krabonszcz.com\/\",\"name\":\"krabonszcz.com - obraz i plakaty do Twojego wn\u0119trza\",\"description\":\"\",\"publisher\":{\"@id\":\"https:\/\/krabonszcz.com\/#\/schema\/person\/6f46b30acd87d871e0288d672d4e4734\"},\"potentialAction\":[{\"@type\":\"SearchAction\",\"target\":{\"@type\":\"EntryPoint\",\"urlTemplate\":\"https:\/\/krabonszcz.com\/?s={search_term_string}\"},\"query-input\":{\"@type\":\"PropertyValueSpecification\",\"valueRequired\":true,\"valueName\":\"search_term_string\"}}],\"inLanguage\":\"pl-PL\"},{\"@type\":[\"Person\",\"Organization\"],\"@id\":\"https:\/\/krabonszcz.com\/#\/schema\/person\/6f46b30acd87d871e0288d672d4e4734\",\"name\":\"krabonszcz\",\"image\":{\"@type\":\"ImageObject\",\"inLanguage\":\"pl-PL\",\"@id\":\"https:\/\/krabonszcz.com\/#\/schema\/person\/image\/\",\"url\":\"https:\/\/krabonszcz.com\/wp-content\/uploads\/2025\/12\/cropped-Krabonszcz_Logo-2025-czarne-copy-scaled-1.png\",\"contentUrl\":\"https:\/\/krabonszcz.com\/wp-content\/uploads\/2025\/12\/cropped-Krabonszcz_Logo-2025-czarne-copy-scaled-1.png\",\"width\":2559,\"height\":988,\"caption\":\"krabonszcz\"},\"logo\":{\"@id\":\"https:\/\/krabonszcz.com\/#\/schema\/person\/image\/\"}}]}<\/script>\n<!-- \/ Yoast SEO plugin. -->","yoast_head_json":{"title":"P053 \"Fade Into You\" -","robots":{"index":"index","follow":"follow","max-snippet":"max-snippet:-1","max-image-preview":"max-image-preview:large","max-video-preview":"max-video-preview:-1"},"canonical":"https:\/\/krabonszcz.com\/index.php\/produkt\/p053-fade-into-you\/","og_locale":"pl_PL","og_type":"article","og_title":"P053 \"Fade Into You\" -","og_description":"Obraz malowany farbami akrylowymi z dodatkiem farby chrom na p\u0142\u00f3tnie bawe\u0142nianym 300g\/m2, rozmiar 50x70cm. Farba chrom odbija \u015bwiat\u0142o, na \u017cywo obraz wr\u0119cz \"pod\u0105\u017ca\" za odbiorc\u0105.  Naci\u0105gni\u0119ty na blejtram\u0119 i gotowy do powieszenia. Boki zamalowane na czarno dla lepszego prezentowania si\u0119 na \u015bcianie. Wystawiam certyfikat autentyczno\u015bci. Obraz zabezpieczony jest do wysy\u0142ki p\u0142ytami HDF z dw\u00f3ch stron, przez co nie straszna mu podr\u00f3\u017c. :)  Acrylic on 300g\/m2 cotton canvas, 50x70cm. Wrapped on a pine stretcher. Varnished, ready to hang. Sides painted black. Certificate of authenticity included. Painting is protected for shipping with HDF boards from both sides.","og_url":"https:\/\/krabonszcz.com\/index.php\/produkt\/p053-fade-into-you\/","article_modified_time":"2026-04-16T09:41:46+00:00","og_image":[{"width":1015,"height":1417,"url":"http:\/\/krabonszcz.com\/wp-content\/uploads\/2026\/04\/p053-glowne-zoom.jpg","type":"image\/jpeg"}],"twitter_card":"summary_large_image","twitter_misc":{"Szacowany czas czytania":"1 minuta"},"schema":{"@context":"https:\/\/schema.org","@graph":[{"@type":"WebPage","@id":"https:\/\/krabonszcz.com\/index.php\/produkt\/p053-fade-into-you\/","url":"https:\/\/krabonszcz.com\/index.php\/produkt\/p053-fade-into-you\/","name":"P053 \"Fade Into You\" -","isPartOf":{"@id":"https:\/\/krabonszcz.com\/#website"},"primaryImageOfPage":{"@id":"https:\/\/krabonszcz.com\/index.php\/produkt\/p053-fade-into-you\/#primaryimage"},"image":{"@id":"https:\/\/krabonszcz.com\/index.php\/produkt\/p053-fade-into-you\/#primaryimage"},"thumbnailUrl":"https:\/\/krabonszcz.com\/wp-content\/uploads\/2026\/04\/p053-glowne-zoom.jpg","datePublished":"2026-04-16T08:43:29+00:00","dateModified":"2026-04-16T09:41:46+00:00","breadcrumb":{"@id":"https:\/\/krabonszcz.com\/index.php\/produkt\/p053-fade-into-you\/#breadcrumb"},"inLanguage":"pl-PL","potentialAction":[{"@type":"ReadAction","target":["https:\/\/krabonszcz.com\/index.php\/produkt\/p053-fade-into-you\/"]}]},{"@type":"ImageObject","inLanguage":"pl-PL","@id":"https:\/\/krabonszcz.com\/index.php\/produkt\/p053-fade-into-you\/#primaryimage","url":"https:\/\/krabonszcz.com\/wp-content\/uploads\/2026\/04\/p053-glowne-zoom.jpg","contentUrl":"https:\/\/krabonszcz.com\/wp-content\/uploads\/2026\/04\/p053-glowne-zoom.jpg","width":1015,"height":1417},{"@type":"BreadcrumbList","@id":"https:\/\/krabonszcz.com\/index.php\/produkt\/p053-fade-into-you\/#breadcrumb","itemListElement":[{"@type":"ListItem","position":1,"name":"Home","item":"https:\/\/krabonszcz.com\/"},{"@type":"ListItem","position":2,"name":"STORE","item":"https:\/\/krabonszcz.com\/index.php\/store\/"},{"@type":"ListItem","position":3,"name":"P053 &#8220;Fade Into You&#8221;"}]},{"@type":"WebSite","@id":"https:\/\/krabonszcz.com\/#website","url":"https:\/\/krabonszcz.com\/","name":"krabonszcz.com - obraz i plakaty do Twojego wn\u0119trza","description":"","publisher":{"@id":"https:\/\/krabonszcz.com\/#\/schema\/person\/6f46b30acd87d871e0288d672d4e4734"},"potentialAction":[{"@type":"SearchAction","target":{"@type":"EntryPoint","urlTemplate":"https:\/\/krabonszcz.com\/?s={search_term_string}"},"query-input":{"@type":"PropertyValueSpecification","valueRequired":true,"valueName":"search_term_string"}}],"inLanguage":"pl-PL"},{"@type":["Person","Organization"],"@id":"https:\/\/krabonszcz.com\/#\/schema\/person\/6f46b30acd87d871e0288d672d4e4734","name":"krabonszcz","image":{"@type":"ImageObject","inLanguage":"pl-PL","@id":"https:\/\/krabonszcz.com\/#\/schema\/person\/image\/","url":"https:\/\/krabonszcz.com\/wp-content\/uploads\/2025\/12\/cropped-Krabonszcz_Logo-2025-czarne-copy-scaled-1.png","contentUrl":"https:\/\/krabonszcz.com\/wp-content\/uploads\/2025\/12\/cropped-Krabonszcz_Logo-2025-czarne-copy-scaled-1.png","width":2559,"height":988,"caption":"krabonszcz"},"logo":{"@id":"https:\/\/krabonszcz.com\/#\/schema\/person\/image\/"}}]}},"_links":{"self":[{"href":"https:\/\/krabonszcz.com\/index.php\/wp-json\/wp\/v2\/product\/5717","targetHints":{"allow":["GET"]}}],"collection":[{"href":"https:\/\/krabonszcz.com\/index.php\/wp-json\/wp\/v2\/product"}],"about":[{"href":"https:\/\/krabonszcz.com\/index.php\/wp-json\/wp\/v2\/types\/product"}],"replies":[{"embeddable":true,"href":"https:\/\/krabonszcz.com\/index.php\/wp-json\/wp\/v2\/comments?post=5717"}],"wp:featuredmedia":[{"embeddable":true,"href":"https:\/\/krabonszcz.com\/index.php\/wp-json\/wp\/v2\/media\/5718"}],"wp:attachment":[{"href":"https:\/\/krabonszcz.com\/index.php\/wp-json\/wp\/v2\/media?parent=5717"}],"wp:term":[{"taxonomy":"product_brand","embeddable":true,"href":"https:\/\/krabonszcz.com\/index.php\/wp-json\/wp\/v2\/product_brand?post=5717"},{"taxonomy":"product_cat","embeddable":true,"href":"https:\/\/krabonszcz.com\/index.php\/wp-json\/wp\/v2\/product_cat?post=5717"},{"taxonomy":"product_tag","embeddable":true,"href":"https:\/\/krabonszcz.com\/index.php\/wp-json\/wp\/v2\/product_tag?post=5717"}],"curies":[{"name":"wp","href":"https:\/\/api.w.org\/{rel}","templated":true}]}}